{"id":1120,"date":"2020-06-01T09:40:53","date_gmt":"2020-06-01T09:40:53","guid":{"rendered":"http:\/\/kapellenschule.de\/?page_id=1120"},"modified":"2026-04-22T14:50:47","modified_gmt":"2026-04-22T14:50:47","slug":"schulanfaenger","status":"publish","type":"page","link":"https:\/\/kapellenschule.de\/?page_id=1120","title":{"rendered":"Schulanmeldungen"},"content":{"rendered":"<h2>Liebe Eltern,<\/h2>\n<h3>w\u00e4hrend Sie Ihr Kind in unserer Schule anmelden, werden wir mit Ihrem Kind in einer Kleingruppe &#8222;Schule spielen&#8220;. Planen Sie zur Anmeldung bitte 1 Stunde ein.&nbsp;<\/h3>\n<h3>Bitte bringen Sie folgende Unterlagen mit:<\/h3>\n<ul>\n<li>\n<h3>Anschreiben der Stadt G\u00fctersloh<\/h3>\n<\/li>\n<li>\n<h3>Familienstammbuch\/Geburtsurkunde<\/h3>\n<\/li>\n<li>\n<h3>Nachweis des Masernimpfschutzes (Impfausweis) (Kopie)<\/h3>\n<\/li>\n<\/ul>\n<h3>Wenn Sie m\u00f6chten, k\u00f6nne Sie sich die folgenden Formulare auch im Vorfeld ausdrucken und ausgef\u00fcllt mitbringen:<\/h3>\n<h3><span style=\"color: #0000ff;\"><a style=\"color: #0000ff;\" href=\"http:\/\/kapellenschule.de\/wp-content\/uploads\/2020\/10\/Schulvertrag-bitte-2-mal-ausf\u00fcllen.pdf\">Schulvertrag, bitte 2 mal ausf\u00fcllen&nbsp;<\/a><\/span><br><span style=\"color: #0000ff;\"><a style=\"color: #0000ff;\" href=\"http:\/\/kapellenschule.de\/wp-content\/uploads\/2020\/10\/Sch\u00fcleraufnahmebogen.pdf\">Sch\u00fcleraufnahmebogen<\/a><\/span><br><a href=\"http:\/\/kapellenschule.de\/wp-content\/uploads\/2020\/11\/Infektionsschutzgesetz.pdf\"><span style=\"color: #0000ff;\">Infektionsschutzgesetz&nbsp;<\/span><\/a><\/h3>\n<h3><span style=\"color: #0000ff;\"><a style=\"color: #0000ff;\" href=\"http:\/\/kapellenschule.de\/wp-content\/uploads\/2025\/09\/Schweigepflichtsentbindung-Schulanmeldungen1-1.pdf\">Schweigepflichtsentbindung Schulanmeldungen(1)-1<\/a><\/span><\/h3>\n<h3>\u00dcberlegen Sie bitte schon, ob Sie Ihr Kind f\u00fcr die OGS oder f\u00fcr die Randstunde anmelden wollen. In der OGS wird Ihr Kind von 7.00 Uhr bis 17 Uhr betreut. Die Randstundenbetreuung beginnt um 7 Uhr und endet&nbsp; um 13.30 Uhr. Weitere Infos finden Sie auf der Homepage unter OGS.<\/h3>\n<h3>Hier finden Sie die Vertr\u00e4ge, die im Vorfeld ausf\u00fcllen und mitbringen k\u00f6nnen.<\/h3>\n<h3><a href=\"http:\/\/kapellenschule.de\/wp-content\/uploads\/2025\/10\/1-Anschreiben-Eltern-1.docx\">1 Anschreiben Eltern<\/a><\/h3>\n<h3><a href=\"http:\/\/kapellenschule.de\/wp-content\/uploads\/2025\/10\/2-OGS-Teilnahmevertrag-1.docx\">2 OGS-Teilnahmevertrag (2-fach ausdrucken und ausf\u00fcllen)<\/a><\/h3>\n<h3><a href=\"http:\/\/kapellenschule.de\/wp-content\/uploads\/2025\/10\/3-Hinweise-zu-Elternbeitraegen-u.-Mittagsverpflegung.docx\">3 Hinweise zu Elternbeitr\u00e4gen u. Mittagsverpflegung<\/a><\/h3>\n<h3><a href=\"http:\/\/kapellenschule.de\/wp-content\/uploads\/2024\/10\/SEPA_Lastschriftmandat-OGS-2024_2.pdf\" target=\"_blank\" rel=\"noopener\"><span style=\"color: #0000ff;\">SEPA_Lastschriftmandat OGS<\/span><\/a><span style=\"color: #0000ff;\"><br><\/span><a href=\"http:\/\/kapellenschule.de\/wp-content\/uploads\/2023\/10\/8-Randstundenvertrag-2023-2024.pdf\" target=\"_blank\" rel=\"noopener\"><span style=\"color: #0000ff;\">Randstundenvertrag<\/span><\/a><\/h3>\n<h3><span style=\"color: #0000ff;\"><a style=\"color: #0000ff;\" href=\"http:\/\/kapellenschule.de\/wp-content\/uploads\/2025\/09\/SEPA_Lastschriftmandat-Randstunde.pdf\"><span style=\"color: #0000ff;\">SEPA_Lastschriftmandat<\/span><\/a><a style=\"color: #0000ff;\" href=\"http:\/\/kapellenschule.de\/wp-content\/uploads\/2025\/09\/SEPA_Lastschriftmandat-Randstunde.pdf\"> Randstunde<\/a><\/span><\/h3>\n<h3><span style=\"color: #0000ff;\">&nbsp;<\/span><\/h3>\n<h3><span style=\"color: #ff0000;\">Alle Unterlagen k\u00f6nnen Sie aber auch vor Ort am Tag der Anmeldung ausf\u00fcllen!<\/span><\/h3>\n<h3>Falls Sie Fragen zu unserem Konzept haben, schreiben Sie uns eine Mail (info@kapellenschule.de) oder rufen Sie uns an. Wir nehmen uns Zeit, Ihre Fragen zu beantworten!&nbsp;<\/h3>\n<h3>&nbsp;<\/h3>\n\n\n\n\n\n\n\n","protected":false},"excerpt":{"rendered":"<p>Liebe Eltern, w\u00e4hrend Sie Ihr Kind in unserer Schule anmelden, werden wir mit Ihrem Kind in einer Kleingruppe &#8222;Schule spielen&#8220;. Planen Sie zur Anmeldung bitte 1 Stunde ein.&nbsp; Bitte bringen Sie folgende Unterlagen mit: Anschreiben der Stadt G\u00fctersloh Familienstammbuch\/Geburtsurkunde Nachweis des Masernimpfschutzes (Impfausweis) (Kopie) Wenn Sie m\u00f6chten, k\u00f6nne Sie sich die folgenden Formulare auch im [&hellip;]<\/p>\n","protected":false},"author":1,"featured_media":0,"parent":0,"menu_order":0,"comment_status":"closed","ping_status":"closed","template":"template-fullwidth.php","meta":{"ngg_post_thumbnail":0},"_links":{"self":[{"href":"https:\/\/kapellenschule.de\/index.php?rest_route=\/wp\/v2\/pages\/1120"}],"collection":[{"href":"https:\/\/kapellenschule.de\/index.php?rest_route=\/wp\/v2\/pages"}],"about":[{"href":"https:\/\/kapellenschule.de\/index.php?rest_route=\/wp\/v2\/types\/page"}],"author":[{"embeddable":true,"href":"https:\/\/kapellenschule.de\/index.php?rest_route=\/wp\/v2\/users\/1"}],"replies":[{"embeddable":true,"href":"https:\/\/kapellenschule.de\/index.php?rest_route=%2Fwp%2Fv2%2Fcomments&post=1120"}],"version-history":[{"count":50,"href":"https:\/\/kapellenschule.de\/index.php?rest_route=\/wp\/v2\/pages\/1120\/revisions"}],"predecessor-version":[{"id":3420,"href":"https:\/\/kapellenschule.de\/index.php?rest_route=\/wp\/v2\/pages\/1120\/revisions\/3420"}],"wp:attachment":[{"href":"https:\/\/kapellenschule.de\/index.php?rest_route=%2Fwp%2Fv2%2Fmedia&parent=1120"}],"curies":[{"name":"wp","href":"https:\/\/api.w.org\/{rel}","templated":true}]}}