{"id":1363,"date":"2020-09-12T14:57:17","date_gmt":"2020-09-12T14:57:17","guid":{"rendered":"http:\/\/kapellenschule.de\/?page_id=1363"},"modified":"2026-04-17T11:45:29","modified_gmt":"2026-04-17T11:45:29","slug":"das-ogs-team","status":"publish","type":"page","link":"https:\/\/kapellenschule.de\/?page_id=1363","title":{"rendered":"Das OGS-Team"},"content":{"rendered":"<table border=\"1\" width=\"75%\">\n<tbody>\n<tr>\n<td width=\"150px\">&nbsp;<\/td>\n<td>&nbsp;<\/td>\n<\/tr>\n<tr>\n<td><img loading=\"lazy\" class=\"size-full wp-image-1372 aligncenter\" src=\"http:\/\/kapellenschule.de\/wp-content\/uploads\/2020\/09\/nbrockmann.jpg\" alt=\"\" width=\"140\" height=\"200\"><\/td>\n<td>\n<div align=\"center\">\n<p><u><strong>Nina Brockmann<\/strong><\/u><br \/>\n2a<br \/>\n+Hausaufgabenbetreuung<br \/>\n+Planung von Festen,Ausfl\u00fcgen<br \/>\n+AG-Planung<\/p>\n<\/div>\n<\/td>\n<\/tr>\n<tr>\n<td>\n<div align=\"center\"><strong class=\"has-media-icon\"><a href=\"http:\/\/kapellenschule.de\/wp-content\/uploads\/2021\/08\/mgrowe.jpeg\"><img loading=\"lazy\" class=\"alignnone size-full wp-image-2093\" src=\"http:\/\/kapellenschule.de\/wp-content\/uploads\/2021\/08\/mgrowe.jpeg\" alt=\"\" width=\"140\" height=\"200\"><\/a><\/strong><\/div>\n<\/td>\n<td>\n<div align=\"center\">\n<p><u><strong>Manuela Growe<\/strong><\/u><br \/>\n2b<br \/>\n+Hausaufgabenbetreuung<br \/>\n+Planung von Festen, Ausfl\u00fcgen<br \/>\n+AG-Planung<\/p>\n<\/div>\n<\/td>\n<\/tr>\n<tr>\n<td>\n<div align=\"center\"><a href=\"http:\/\/kapellenschule.de\/wp-content\/uploads\/2021\/08\/ischuchard.jpeg\"><img loading=\"lazy\" class=\"alignnone size-full wp-image-2095\" src=\"http:\/\/kapellenschule.de\/wp-content\/uploads\/2021\/08\/ischuchard.jpeg\" alt=\"\" width=\"140\" height=\"200\"><\/a><\/div>\n<\/td>\n<td>\n<div align=\"center\">\n<p><u><strong>Inga Schuchard<\/strong><\/u><br \/>\n3a<br \/>\n+Hausaufgabenbetreuung<br \/>\n+Zusammenarbeit Schule-OGS-Tr\u00e4ger<br \/>\n+Elternarbeit<br \/>\n+Eltern AG<br \/>\n+ Internetseite<\/p>\n<\/div>\n<\/td>\n<\/tr>\n<tr>\n<td>\n<div align=\"center\"><img loading=\"lazy\" class=\"size-full wp-image-1375 aligncenter\" src=\"http:\/\/kapellenschule.de\/wp-content\/uploads\/2020\/09\/scasper.jpg\" alt=\"\" width=\"140\" height=\"200\"><\/div>\n<\/td>\n<td>\n<div align=\"center\">\n<p><u><strong>Sabine Casper<\/strong><\/u><br \/>\n3b<br \/>\n+Hausaufgabenbetreuung<br \/>\n+AG-Planung<br \/>\n+Ansprechpartnerin neue MitarbeiterInnen<\/p>\n<\/div>\n<\/td>\n<\/tr>\n<tr>\n<td>\n<div align=\"center\">\n<div align=\"center\">&nbsp;<\/div>\n<\/div>\n<\/td>\n<td>\n<div align=\"center\">\n<p><u><strong>Natalia Pryimachuk<\/strong><\/u><br \/>\n1c<br \/>\n+Hausaufgabenbetreuung<br \/>\n+Anschaffungen<\/p>\n<\/div>\n<\/td>\n<\/tr>\n<tr>\n<td><img loading=\"lazy\" class=\"size-full wp-image-2851 alignnone aligncenter\" src=\"http:\/\/kapellenschule.de\/wp-content\/uploads\/2023\/11\/sgerlach.jpg\" alt=\"\" width=\"140\" height=\"200\"><\/td>\n<td>\n<div align=\"center\">\n<p><u><strong>Silke Gerlach<\/strong><\/u><br \/>\n4a<br \/>\n+Hausaufgabenbetreuung<br \/>\n+Konzeptentwicklung<br \/>\n+Ansprechpartnerin neue MitarbeiterInnen<br \/>\n+Ferienbetreuung<br \/>\n+Zusammenarbeit Schule-OGS-Tr\u00e4ger<\/p>\n<\/div>\n<\/td>\n<\/tr>\n<tr>\n<td>\n<div align=\"center\"><img loading=\"lazy\" class=\"alignnone size-full wp-image-1367\" src=\"http:\/\/kapellenschule.de\/wp-content\/uploads\/2020\/09\/bfiedler.jpg\" alt=\"\" width=\"140\" height=\"200\"><\/div>\n<\/td>\n<td>\n<div align=\"center\">\n<p><u><strong>Bettina Fiedler<\/strong><\/u><br \/>\n4b<br \/>\n+Hausaufgabenbetreuung<br \/>\n+Ferienbetreuung<br \/>\n+Eltern AG<br \/>\n+Anschaffungen<\/p>\n<\/div>\n<\/td>\n<\/tr>\n<tr>\n<td style=\"text-align: center;\">&nbsp;<\/td>\n<td>\n<div align=\"center\">\n<p><u><strong>Jule Kipp<\/strong><\/u><br \/>\n1a<br \/>\n+Elternarbeit<\/p>\n<\/div>\n<\/td>\n<\/tr>\n<tr>\n<td>\n<div align=\"center\"><img loading=\"lazy\" class=\"alignnone size-full wp-image-1373\" src=\"http:\/\/kapellenschule.de\/wp-content\/uploads\/2020\/09\/nmarquez.jpg\" alt=\"\" width=\"140\" height=\"200\"><\/div>\n<\/td>\n<td>\n<div align=\"center\">\n<p><u><strong>Nieves Marquez<\/strong><\/u><br \/>\n1b<br \/>\n+ Hausaufgabenbetreuung<br \/>\n+Dienstplan<br \/>\n+Konzeptentwicklung<\/p>\n<\/div>\n<\/td>\n<\/tr>\n<tr>\n<td><img loading=\"lazy\" class=\"size-full wp-image-1377 aligncenter\" src=\"http:\/\/kapellenschule.de\/wp-content\/uploads\/2020\/09\/sweiss.jpg\" alt=\"\" width=\"140\" height=\"200\"><\/td>\n<td>\n<div align=\"center\">\n<p><u><strong>Sigrid Wei\u00df<\/strong><\/u><br \/>\n+Hausaufgabenbetreuung<br \/>\n+Sch\u00fclerorganisation<\/p>\n<\/div>\n<\/td>\n<\/tr>\n<tr>\n<td><img loading=\"lazy\" class=\"size-full wp-image-1374 aligncenter\" src=\"http:\/\/kapellenschule.de\/wp-content\/uploads\/2020\/09\/premmert.jpg\" alt=\"\" width=\"140\" height=\"200\"><\/td>\n<td>\n<div align=\"center\">\n<p><u><strong>Petra Remmert<\/strong><\/u><br \/>\n+Verpflegung<br \/>\n+Sch\u00fclerorganisation<\/p>\n<\/div>\n<\/td>\n<\/tr>\n<\/tbody>\n<\/table>\n","protected":false},"excerpt":{"rendered":"<p>&nbsp; &nbsp; Nina Brockmann 2a +Hausaufgabenbetreuung +Planung von Festen,Ausfl\u00fcgen +AG-Planung Manuela Growe 2b +Hausaufgabenbetreuung +Planung von Festen, Ausfl\u00fcgen +AG-Planung Inga Schuchard 3a +Hausaufgabenbetreuung +Zusammenarbeit Schule-OGS-Tr\u00e4ger +Elternarbeit +Eltern AG + Internetseite Sabine Casper 3b +Hausaufgabenbetreuung +AG-Planung +Ansprechpartnerin neue MitarbeiterInnen &nbsp; Natalia Pryimachuk 1c +Hausaufgabenbetreuung +Anschaffungen Silke Gerlach 4a +Hausaufgabenbetreuung +Konzeptentwicklung +Ansprechpartnerin neue MitarbeiterInnen +Ferienbetreuung +Zusammenarbeit Schule-OGS-Tr\u00e4ger [&hellip;]<\/p>\n","protected":false},"author":8,"featured_media":0,"parent":0,"menu_order":1,"comment_status":"closed","ping_status":"closed","template":"template-fullwidth.php","meta":{"ngg_post_thumbnail":0},"_links":{"self":[{"href":"https:\/\/kapellenschule.de\/index.php?rest_route=\/wp\/v2\/pages\/1363"}],"collection":[{"href":"https:\/\/kapellenschule.de\/index.php?rest_route=\/wp\/v2\/pages"}],"about":[{"href":"https:\/\/kapellenschule.de\/index.php?rest_route=\/wp\/v2\/types\/page"}],"author":[{"embeddable":true,"href":"https:\/\/kapellenschule.de\/index.php?rest_route=\/wp\/v2\/users\/8"}],"replies":[{"embeddable":true,"href":"https:\/\/kapellenschule.de\/index.php?rest_route=%2Fwp%2Fv2%2Fcomments&post=1363"}],"version-history":[{"count":27,"href":"https:\/\/kapellenschule.de\/index.php?rest_route=\/wp\/v2\/pages\/1363\/revisions"}],"predecessor-version":[{"id":3348,"href":"https:\/\/kapellenschule.de\/index.php?rest_route=\/wp\/v2\/pages\/1363\/revisions\/3348"}],"wp:attachment":[{"href":"https:\/\/kapellenschule.de\/index.php?rest_route=%2Fwp%2Fv2%2Fmedia&parent=1363"}],"curies":[{"name":"wp","href":"https:\/\/api.w.org\/{rel}","templated":true}]}}