{"id":2615,"date":"2022-11-03T16:34:48","date_gmt":"2022-11-03T16:34:48","guid":{"rendered":"https:\/\/kapellenschule.de\/?page_id=2615"},"modified":"2022-11-03T16:34:48","modified_gmt":"2022-11-03T16:34:48","slug":"pinnwand","status":"publish","type":"page","link":"https:\/\/kapellenschule.de\/?page_id=2615","title":{"rendered":"Pinnwand"},"content":{"rendered":"\n<h2>M\u00fcslibr\u00f6tchen<\/h2>\n\n\n\n<p><em>Rezept f\u00fcr die M\u00fcslibr\u00f6tchen vom OGS- Fest<br>(ergibt 9-10 Br\u00f6tchen)<\/em><\/p>\n\n\n\n<p>300 ml. Wasser<br>400 g Mehl<br>7 g Trockenhefe<br>1 gr L\u00f6ffel Honig<br>Etwas Salz<br>N\u00fcsse, Sonnenblumenkerne, Haferflocken (Rosinen) beliebig viel (Ich hatte ca. 200 g)<\/p>\n\n\n\n<p>190 C \u00b0 Hei\u00dfluft ca. 20 Min.<br><\/p>\n","protected":false},"excerpt":{"rendered":"<p>M\u00fcslibr\u00f6tchen Rezept f\u00fcr die M\u00fcslibr\u00f6tchen vom OGS- Fest(ergibt 9-10 Br\u00f6tchen) 300 ml. Wasser400 g Mehl7 g Trockenhefe1 gr L\u00f6ffel HonigEtwas SalzN\u00fcsse, Sonnenblumenkerne, Haferflocken (Rosinen) beliebig viel (Ich hatte ca. 200 g) 190 C \u00b0 Hei\u00dfluft ca. 20 Min.<\/p>\n","protected":false},"author":1,"featured_media":0,"parent":0,"menu_order":0,"comment_status":"closed","ping_status":"closed","template":"","meta":{"ngg_post_thumbnail":0},"_links":{"self":[{"href":"https:\/\/kapellenschule.de\/index.php?rest_route=\/wp\/v2\/pages\/2615"}],"collection":[{"href":"https:\/\/kapellenschule.de\/index.php?rest_route=\/wp\/v2\/pages"}],"about":[{"href":"https:\/\/kapellenschule.de\/index.php?rest_route=\/wp\/v2\/types\/page"}],"author":[{"embeddable":true,"href":"https:\/\/kapellenschule.de\/index.php?rest_route=\/wp\/v2\/users\/1"}],"replies":[{"embeddable":true,"href":"https:\/\/kapellenschule.de\/index.php?rest_route=%2Fwp%2Fv2%2Fcomments&post=2615"}],"version-history":[{"count":2,"href":"https:\/\/kapellenschule.de\/index.php?rest_route=\/wp\/v2\/pages\/2615\/revisions"}],"predecessor-version":[{"id":2617,"href":"https:\/\/kapellenschule.de\/index.php?rest_route=\/wp\/v2\/pages\/2615\/revisions\/2617"}],"wp:attachment":[{"href":"https:\/\/kapellenschule.de\/index.php?rest_route=%2Fwp%2Fv2%2Fmedia&parent=2615"}],"curies":[{"name":"wp","href":"https:\/\/api.w.org\/{rel}","templated":true}]}}