{"id":33,"date":"2018-06-03T15:57:23","date_gmt":"2018-06-03T15:57:23","guid":{"rendered":"http:\/\/wp.kapellenschule.de\/?page_id=33"},"modified":"2026-04-28T11:59:23","modified_gmt":"2026-04-28T11:59:23","slug":"termine","status":"publish","type":"page","link":"https:\/\/kapellenschule.de\/?page_id=33","title":{"rendered":"Termine"},"content":{"rendered":"<h3 style=\"text-align: center;\"><strong>Termine der Kapellenschule<\/strong><\/h3>\n<p style=\"text-align: center;\"><iframe loading=\"lazy\" style=\"border: 0;\" src=\"https:\/\/calendar.google.com\/calendar\/embed?src=simone%40sslchaselsteiner.de&amp;ctz=Europe%2FBerlin\" width=\"800\" height=\"600\" frameborder=\"0\" scrolling=\"no\"><\/iframe><\/p>\n\n\n<p><strong>April 2026:<\/strong><\/p>\n\n\n\n<p>18.04.26:      Erstkommunion unserer Drittkl\u00e4ssler\/innen<\/p>\n\n\n\n<p>20.04.26:      Dankgottesdienst und Kommunionfr\u00fchst\u00fcck Klasse 3<\/p>\n\n\n\n<p>20.04.26 bis 22.04.26:   Vorschule f\u00fcr unsere zuk\u00fcnftigen Erstkl\u00e4ssler\/innen<\/p>\n\n\n\n<p><\/p>\n\n\n\n<p><\/p>\n\n\n\n<p><strong>Mai 2026:<\/strong><\/p>\n\n\n\n<p>1.05.26:     Feiertag!<\/p>\n\n\n\n<p>4.05.26 bis 6.05.26:     Vorschule f\u00fcr unsere zuk\u00fcnftigen Erstkl\u00e4ssler\/innen<\/p>\n\n\n\n<p>14.05.26:    Feiertag!<\/p>\n\n\n\n<p>15.05.26:     Beweglicher Ferientag! OGS Betreuung in der Grundschule Isselhorst<\/p>\n\n\n\n<p>18.05. &#8211; 21.05.26: Special Week (besondere Angebote im Rahmen der Lernzeiten)<\/p>\n\n\n\n<p>18.05. bis 20.05.26:    Vorschule f\u00fcr unsere zuk\u00fcnftigen Erstkl\u00e4ssler\/innen<\/p>\n\n\n\n<p>27.04. bis 13.05.26: Elternsprechtage! Sie werden von den Klassenlehrern\/innen \u00fcber Iserv eingeladen und k\u00f6nnen sich digital anmelden!<\/p>\n\n\n\n<p>25.05.26:    Feiertag<\/p>\n\n\n\n<p>26.05.26:    Pfingstferien! OGS Betreuung in der Grundschule Isselhorst<\/p>\n\n\n\n<p>30.05.26:     Event &#8222;Klasse wir singen&#8220; um 15.00 Uhr in der Stadthalle<\/p>\n\n\n\n<p><\/p>\n\n\n\n<p><\/p>\n\n\n\n<p><strong>Juni 2026:<\/strong><\/p>\n\n\n\n<p>1.06. bis 3.06.26:   Vorschule f\u00fcr unsere zuk\u00fcnftigen Erstkl\u00e4ssler\/innen<\/p>\n\n\n\n<p>4.06.26:   Feiertag<\/p>\n\n\n\n<p>5.06.26:   Beweglicher Ferientag! OGS Betreuung in der Grundschule Isselhorst<\/p>\n\n\n\n<p>15.06. bis 17.06.26:   Vorschule f\u00fcr unsere zuk\u00fcnftigen Erstkl\u00e4ssler\/innen<\/p>\n\n\n\n<p><\/p>\n\n\n\n<p><\/p>\n\n\n\n<p><strong>Juli 2026:<\/strong><\/p>\n\n\n\n<p>    6.07. bis 9.07.26:   Special Week (besondere Angebote im Rahmen der Lernzeiten)  <\/p>\n\n\n\n<p>8.07.26:   Sportfest, der Unterricht endet um 11.45 Uhr!<\/p>\n\n\n\n<p>               16.00 Uhr, &#8222;G\u00fctersloh l\u00e4uft&#8220;, f\u00fcr die Kinder der Lauf AG und interessierte Kapellensch\u00fcler\/innen<\/p>\n\n\n\n<p>10.07.26:   Lindenbl\u00fctenfest (16.00 Uhr)      <\/p>\n\n\n\n<p>17.07.26: Letzter Schultag und Zeugnisvergabe! Der Unterricht endet um 11.00 Uhr! <\/p>\n\n\n\n<p>Betreuung der OGS in den Sommerferien:<\/p>\n\n\n\n<p>20.07.26 &#8211; 7.08.26:     Betreuung in der Grundschule Avenwedde Bhf.<\/p>\n\n\n\n<p>10.08.26 &#8211; 28.08.26:     Betreuung in der Grundschule Nordhorn<\/p>\n\n\n\n<p>31.08.26 &#8211; 1.09.26:     Betreuung in der Kapellenschule<\/p>\n","protected":false},"excerpt":{"rendered":"<p>Termine der Kapellenschule April 2026: 18.04.26: Erstkommunion unserer Drittkl\u00e4ssler\/innen 20.04.26: Dankgottesdienst und Kommunionfr\u00fchst\u00fcck Klasse 3 20.04.26 bis 22.04.26: Vorschule f\u00fcr unsere zuk\u00fcnftigen Erstkl\u00e4ssler\/innen Mai 2026: 1.05.26: Feiertag! 4.05.26 bis 6.05.26: Vorschule f\u00fcr unsere zuk\u00fcnftigen Erstkl\u00e4ssler\/innen 14.05.26: Feiertag! 15.05.26: Beweglicher Ferientag! OGS Betreuung in der Grundschule Isselhorst 18.05. &#8211; 21.05.26: Special Week (besondere Angebote im Rahmen [&hellip;]<\/p>\n","protected":false},"author":1,"featured_media":0,"parent":0,"menu_order":0,"comment_status":"closed","ping_status":"closed","template":"template-fullwidth-no-title.php","meta":{"ngg_post_thumbnail":0},"_links":{"self":[{"href":"https:\/\/kapellenschule.de\/index.php?rest_route=\/wp\/v2\/pages\/33"}],"collection":[{"href":"https:\/\/kapellenschule.de\/index.php?rest_route=\/wp\/v2\/pages"}],"about":[{"href":"https:\/\/kapellenschule.de\/index.php?rest_route=\/wp\/v2\/types\/page"}],"author":[{"embeddable":true,"href":"https:\/\/kapellenschule.de\/index.php?rest_route=\/wp\/v2\/users\/1"}],"replies":[{"embeddable":true,"href":"https:\/\/kapellenschule.de\/index.php?rest_route=%2Fwp%2Fv2%2Fcomments&post=33"}],"version-history":[{"count":10,"href":"https:\/\/kapellenschule.de\/index.php?rest_route=\/wp\/v2\/pages\/33\/revisions"}],"predecessor-version":[{"id":3439,"href":"https:\/\/kapellenschule.de\/index.php?rest_route=\/wp\/v2\/pages\/33\/revisions\/3439"}],"wp:attachment":[{"href":"https:\/\/kapellenschule.de\/index.php?rest_route=%2Fwp%2Fv2%2Fmedia&parent=33"}],"curies":[{"name":"wp","href":"https:\/\/api.w.org\/{rel}","templated":true}]}}