{"id":512,"date":"2020-03-01T16:19:12","date_gmt":"2020-03-01T16:19:12","guid":{"rendered":"http:\/\/kapellenschule.de\/?page_id=512"},"modified":"2026-04-21T13:18:23","modified_gmt":"2026-04-21T13:18:23","slug":"schulsozialarbeit","status":"publish","type":"page","link":"https:\/\/kapellenschule.de\/?page_id=512","title":{"rendered":"Schulsozialarbeit"},"content":{"rendered":"<p style=\"text-align: center;\"><strong>Liebe Eltern, liebe Erziehungsberechtigte &amp; liebe Kinder!<\/strong><\/p>\n<p>&nbsp;<\/p>\n<p>Mein Name ist <strong>Yannik Baumh\u00f6fner<\/strong> und ich bin seit dem 01.02.2022 an der Kapellenschule als Schulsozialarbeiter t\u00e4tig (Tr\u00e4ger ist die Stadt G\u00fctersloh). Zu meinen Aufgaben geh\u00f6ren nat\u00fcrlich die Arbeit mit den Sch\u00fclerinnen und Sch\u00fclern aber auch die Beratung und Unterst\u00fctzung von Eltern.<\/p>\n<p>Ich informiere und berate Sie vertraulich bei Anliegen wie:<\/p>\n<ul>\n<li>Schule, Familie und Erziehung<\/li>\n<li>Bildung und Teilhabe \/ BuT (Zusch\u00fcsse bzw. Kosten\u00fcbernahmen von Schulmaterialien, Klassenausfl\u00fcgen, Klassenfahrten, Mittagessen, Lernf\u00f6rderung\/Nachhilfe)<\/li>\n<li>au\u00dferschulische Hilfen, Einrichtungen, Beratungsstellen<\/li>\n<li>Sprechstunden&nbsp;<\/li>\n<\/ul>\n<p>Ihrem Kind biete ich:<\/p>\n<ul>\n<li>offene Sprechstunden (u.a. bei Sorgen, Streitigkeiten)<\/li>\n<li>Einzel- oder Gruppenangebote zur Ich-St\u00e4rkung<\/li>\n<li>Schulung von sozialen Kompetenzen (z.B. &#8222;Teamgeister&#8220;)<\/li>\n<li>Unterst\u00fctzung bei der Kl\u00e4rung von Konfliktsituationen<\/li>\n<li>Projekte (kritischer Umgang mit Medien, Selbstbehauptung, Kooperationsangebote mit dem Don Bosco Jugendhaus usw.)<\/li>\n<\/ul>\n<p><img loading=\"lazy\" class=\"size-medium wp-image-2978 alignright\" src=\"http:\/\/kapellenschule.de\/wp-content\/uploads\/2024\/06\/Foto_Ansichtssache-2861-214x300.jpg\" alt=\"\" width=\"214\" height=\"300\" srcset=\"https:\/\/kapellenschule.de\/wp-content\/uploads\/2024\/06\/Foto_Ansichtssache-2861-214x300.jpg 214w, https:\/\/kapellenschule.de\/wp-content\/uploads\/2024\/06\/Foto_Ansichtssache-2861-729x1024.jpg 729w, https:\/\/kapellenschule.de\/wp-content\/uploads\/2024\/06\/Foto_Ansichtssache-2861-768x1079.jpg 768w, https:\/\/kapellenschule.de\/wp-content\/uploads\/2024\/06\/Foto_Ansichtssache-2861-1093x1536.jpg 1093w, https:\/\/kapellenschule.de\/wp-content\/uploads\/2024\/06\/Foto_Ansichtssache-2861-1458x2048.jpg 1458w, https:\/\/kapellenschule.de\/wp-content\/uploads\/2024\/06\/Foto_Ansichtssache-2861-scaled.jpg 1822w\" sizes=\"(max-width: 214px) 100vw, 214px\" \/><\/p>\n<p style=\"text-align: left;\">Bei Fragen oder zur Terminvereinbarung wenden Sie sich gern an mich:<\/p>\n<p style=\"text-align: left;\"><strong>Telefon: 05241 \/ 50523980<\/strong><\/p>\n<p><strong>Mobil: 0151 \/ 57466218&nbsp;<\/strong><\/p>\n<p><strong>Email: yannik.baumhoefner@guetersloh.de<\/strong><\/p>\n<p>&nbsp;<\/p>\n<p>&nbsp;<\/p>\n<p style=\"text-align: center;\"><strong>Arbeitszeiten<\/strong><\/p>\n\n\n<figure class=\"wp-block-table\"><table><tbody><tr><td>Montag<\/td><td>Dienstag<\/td><td>Mittwoch<\/td><td>Donnerstag<\/td><td>Freitag<\/td><\/tr><tr><td>7:45 Uhr &#8211; 15:00 Uhr<\/td><td>7:45 Uhr &#8211; 15:00 Uhr<\/td><td>7:45 Uhr &#8211; 15:00 Uhr<\/td><td>7:45 Uhr &#8211; 17:30 Uhr <\/td><td>7:45 Uhr &#8211; 12:00 Uhr<\/td><\/tr><\/tbody><\/table><\/figure>\n","protected":false},"excerpt":{"rendered":"<p>Liebe Eltern, liebe Erziehungsberechtigte &amp; liebe Kinder! &nbsp; Mein Name ist Yannik Baumh\u00f6fner und ich bin seit dem 01.02.2022 an der Kapellenschule als Schulsozialarbeiter t\u00e4tig (Tr\u00e4ger ist die Stadt G\u00fctersloh). Zu meinen Aufgaben geh\u00f6ren nat\u00fcrlich die Arbeit mit den Sch\u00fclerinnen und Sch\u00fclern aber auch die Beratung und Unterst\u00fctzung von Eltern. Ich informiere und berate Sie [&hellip;]<\/p>\n","protected":false},"author":1,"featured_media":0,"parent":0,"menu_order":0,"comment_status":"closed","ping_status":"closed","template":"template-fullwidth.php","meta":{"ngg_post_thumbnail":0},"_links":{"self":[{"href":"https:\/\/kapellenschule.de\/index.php?rest_route=\/wp\/v2\/pages\/512"}],"collection":[{"href":"https:\/\/kapellenschule.de\/index.php?rest_route=\/wp\/v2\/pages"}],"about":[{"href":"https:\/\/kapellenschule.de\/index.php?rest_route=\/wp\/v2\/types\/page"}],"author":[{"embeddable":true,"href":"https:\/\/kapellenschule.de\/index.php?rest_route=\/wp\/v2\/users\/1"}],"replies":[{"embeddable":true,"href":"https:\/\/kapellenschule.de\/index.php?rest_route=%2Fwp%2Fv2%2Fcomments&post=512"}],"version-history":[{"count":31,"href":"https:\/\/kapellenschule.de\/index.php?rest_route=\/wp\/v2\/pages\/512\/revisions"}],"predecessor-version":[{"id":3376,"href":"https:\/\/kapellenschule.de\/index.php?rest_route=\/wp\/v2\/pages\/512\/revisions\/3376"}],"wp:attachment":[{"href":"https:\/\/kapellenschule.de\/index.php?rest_route=%2Fwp%2Fv2%2Fmedia&parent=512"}],"curies":[{"name":"wp","href":"https:\/\/api.w.org\/{rel}","templated":true}]}}