{"id":54,"date":"2018-06-03T19:50:31","date_gmt":"2018-06-03T19:50:31","guid":{"rendered":"http:\/\/wp.kapellenschule.de\/?page_id=54"},"modified":"2018-06-05T14:57:53","modified_gmt":"2018-06-05T14:57:53","slug":"impressum","status":"publish","type":"page","link":"https:\/\/kapellenschule.de\/?page_id=54","title":{"rendered":"Impressum"},"content":{"rendered":"<p>Gestaltung der Seiten: Simone Haselsteiner<\/p>\n<p>Verantwortlich f\u00fcr den Inhalt der Seiten: Simone Haselsteiner<\/p>\n<p>eMail:<br \/>\n&#8222;info@kapellenschule.de&#8220;<\/p>\n<p>Stand: 01.08.2010<\/p>\n<p>Haftungsausschluss<\/p>\n<p>Mit Urteil vom 12. Mai 1998 (Az.: 312 O 85\/98 &#8211; &#8222;Haftung f\u00fcr Links&#8220;) hat das Landgericht Hamburg entschieden, dass die Autorin durch die Anbringung eines Links die Inhalte der gelinkten Seite ggf. mit zu verantworten hat.<\/p>\n<p>Dies kann nur dadurch verhindert werden, dass die Autorin sich ausdr\u00fccklich von diesen Inhalten distanziert.<\/p>\n<p>F\u00fcr alle Links des Internetangebots dieser Seiten gilt: der Betreiber betont ausdr\u00fccklich, dass er keinerlei Einfluss auf die Gestaltung und die Inhalte der gelinkten Seite hat. Deshalb distanziert er sich hiermit ausdr\u00fccklich von allen Inhalten aller gelinkten Seiten und macht sich ihre Inhalte nicht zu eigen. Dies gilt auch f\u00fcr dar\u00fcber hinausgehende Inhalte und insbesondere f\u00fcr Sch\u00e4den, die aus der Nutzung oder Nichtnutzung solcherart dargebotener Informationen entstehen. Sofern auf Verweisziele (&#8222;Links&#8220;) direkt oder indirekt verwiesen wird, die au\u00dferhalb des Verantwortungsbereiches der Autorin liegen, sind ausschlie\u00dflich die Verantwortlichen dieser Seiten f\u00fcr deren Inhalte verantwortlich. Die auf den gelinkten Seiten dargestellten Meinungs\u00e4u\u00dferungen spiegeln nicht die Meinung der Verfasserin dieser Seiten wider. Die Autorin erkl\u00e4rt ausdr\u00fccklich, dass zum Zeitpunkt der Linksetzung die entsprechenden verlinkten Seiten frei von illegalen Inhalten waren.<\/p>\n<p>Alle Angebote sind freibleibend und unverbindlich. Die Autorin beh\u00e4lt es sich ausdr\u00fccklich vor, Teile der Seiten oder das gesamte Angebot ohne gesonderte Ank\u00fcndigung zu ver\u00e4ndern, zu erg\u00e4nzen, zu l\u00f6schen oder die Ver\u00f6ffentlichung zeitweise oder endg\u00fcltig einzustellen.<\/p>\n","protected":false},"excerpt":{"rendered":"<p>Gestaltung der Seiten: Simone Haselsteiner Verantwortlich f\u00fcr den Inhalt der Seiten: Simone Haselsteiner eMail: &#8222;info@kapellenschule.de&#8220; Stand: 01.08.2010 Haftungsausschluss Mit Urteil vom 12. Mai 1998 (Az.: 312 O 85\/98 &#8211; &#8222;Haftung f\u00fcr Links&#8220;) hat das Landgericht Hamburg entschieden, dass die Autorin durch die Anbringung eines Links die Inhalte der gelinkten Seite ggf. mit zu verantworten hat. [&hellip;]<\/p>\n","protected":false},"author":1,"featured_media":0,"parent":0,"menu_order":0,"comment_status":"closed","ping_status":"closed","template":"template-fullwidth.php","meta":{"ngg_post_thumbnail":0},"_links":{"self":[{"href":"https:\/\/kapellenschule.de\/index.php?rest_route=\/wp\/v2\/pages\/54"}],"collection":[{"href":"https:\/\/kapellenschule.de\/index.php?rest_route=\/wp\/v2\/pages"}],"about":[{"href":"https:\/\/kapellenschule.de\/index.php?rest_route=\/wp\/v2\/types\/page"}],"author":[{"embeddable":true,"href":"https:\/\/kapellenschule.de\/index.php?rest_route=\/wp\/v2\/users\/1"}],"replies":[{"embeddable":true,"href":"https:\/\/kapellenschule.de\/index.php?rest_route=%2Fwp%2Fv2%2Fcomments&post=54"}],"version-history":[{"count":1,"href":"https:\/\/kapellenschule.de\/index.php?rest_route=\/wp\/v2\/pages\/54\/revisions"}],"predecessor-version":[{"id":55,"href":"https:\/\/kapellenschule.de\/index.php?rest_route=\/wp\/v2\/pages\/54\/revisions\/55"}],"wp:attachment":[{"href":"https:\/\/kapellenschule.de\/index.php?rest_route=%2Fwp%2Fv2%2Fmedia&parent=54"}],"curies":[{"name":"wp","href":"https:\/\/api.w.org\/{rel}","templated":true}]}}