{"id":674,"date":"2020-04-01T08:02:16","date_gmt":"2020-04-01T08:02:16","guid":{"rendered":"http:\/\/kapellenschule.de\/?page_id=674"},"modified":"2026-04-17T11:50:54","modified_gmt":"2026-04-17T11:50:54","slug":"unsere-huehner","status":"publish","type":"page","link":"https:\/\/kapellenschule.de\/?page_id=674","title":{"rendered":"Unsere H\u00fchner"},"content":{"rendered":"<h3>&nbsp;<\/h3>\n<h4><strong>Seit den Herbstferien 2019 haben wir Schulh\u00fchner in der Kapellenschule. Sie werden von unserem &#8222;H\u00fchnerdienst&#8220; betreut. Jede Klasse hat ein- oder mehrmals im Schuljahr H\u00fchnerdienst. In den Schulpausen werden die H\u00fchner gef\u00fcttert oder der Stall ausgemistet.&nbsp;<\/strong><\/h4>\n<h4><strong>Unsere Schulh\u00fchner:<\/strong><\/h4>\n<h4><img loading=\"lazy\" class=\"alignnone size-full wp-image-1737\" src=\"http:\/\/kapellenschule.de\/wp-content\/uploads\/2020\/11\/96480254-B1B9-4D33-BAF0-EE0C6C2FA0BD-e1605259944955.jpeg\" alt=\"\" width=\"320\" height=\"240\" srcset=\"https:\/\/kapellenschule.de\/wp-content\/uploads\/2020\/11\/96480254-B1B9-4D33-BAF0-EE0C6C2FA0BD-e1605259944955.jpeg 320w, https:\/\/kapellenschule.de\/wp-content\/uploads\/2020\/11\/96480254-B1B9-4D33-BAF0-EE0C6C2FA0BD-e1605259944955-300x225.jpeg 300w\" sizes=\"(max-width: 320px) 100vw, 320px\" \/><img loading=\"lazy\" class=\"alignnone size-full wp-image-1738\" src=\"http:\/\/kapellenschule.de\/wp-content\/uploads\/2020\/11\/CFE9C949-A73B-4D74-92E8-6818D2579FFF-e1605260022447.jpeg\" alt=\"\" width=\"320\" height=\"240\" srcset=\"https:\/\/kapellenschule.de\/wp-content\/uploads\/2020\/11\/CFE9C949-A73B-4D74-92E8-6818D2579FFF-e1605260022447.jpeg 320w, https:\/\/kapellenschule.de\/wp-content\/uploads\/2020\/11\/CFE9C949-A73B-4D74-92E8-6818D2579FFF-e1605260022447-300x225.jpeg 300w\" sizes=\"(max-width: 320px) 100vw, 320px\" \/><\/h4>\n<h3>&nbsp;&nbsp;&nbsp;&nbsp;&nbsp;&nbsp;&nbsp;&nbsp;&nbsp;&nbsp;&nbsp;&nbsp;&nbsp;&nbsp;&nbsp;&nbsp;&nbsp;&nbsp;&nbsp;&nbsp;&nbsp;&nbsp;&nbsp;&nbsp;&nbsp;&nbsp;&nbsp;&nbsp;&nbsp;<img loading=\"lazy\" class=\"alignnone size-full wp-image-1740\" src=\"http:\/\/kapellenschule.de\/wp-content\/uploads\/2020\/11\/177E9EAE-1224-461A-B9FA-86251504AD36-e1605260221852.jpeg\" alt=\"\" width=\"320\" height=\"240\" srcset=\"https:\/\/kapellenschule.de\/wp-content\/uploads\/2020\/11\/177E9EAE-1224-461A-B9FA-86251504AD36-e1605260221852.jpeg 320w, https:\/\/kapellenschule.de\/wp-content\/uploads\/2020\/11\/177E9EAE-1224-461A-B9FA-86251504AD36-e1605260221852-300x225.jpeg 300w\" sizes=\"(max-width: 320px) 100vw, 320px\" \/><\/h3>\n<h3>&nbsp; &nbsp; &nbsp; &nbsp; &nbsp;&nbsp;<\/h3>\n<p><img loading=\"lazy\" class=\"alignnone size-full wp-image-1741\" src=\"http:\/\/kapellenschule.de\/wp-content\/uploads\/2020\/11\/1798D01C-254F-4E60-9E70-8550C6739B1F-e1605260309430.jpeg\" alt=\"\" width=\"320\" height=\"240\" srcset=\"https:\/\/kapellenschule.de\/wp-content\/uploads\/2020\/11\/1798D01C-254F-4E60-9E70-8550C6739B1F-e1605260309430.jpeg 320w, https:\/\/kapellenschule.de\/wp-content\/uploads\/2020\/11\/1798D01C-254F-4E60-9E70-8550C6739B1F-e1605260309430-300x225.jpeg 300w\" sizes=\"(max-width: 320px) 100vw, 320px\" \/><img loading=\"lazy\" class=\"alignnone size-full wp-image-1742\" src=\"http:\/\/kapellenschule.de\/wp-content\/uploads\/2020\/11\/D8FEC7CD-7B36-4F04-9C36-6BF587F7EDB6-e1605260382605.jpeg\" alt=\"\" width=\"320\" height=\"240\" srcset=\"https:\/\/kapellenschule.de\/wp-content\/uploads\/2020\/11\/D8FEC7CD-7B36-4F04-9C36-6BF587F7EDB6-e1605260382605.jpeg 320w, https:\/\/kapellenschule.de\/wp-content\/uploads\/2020\/11\/D8FEC7CD-7B36-4F04-9C36-6BF587F7EDB6-e1605260382605-300x225.jpeg 300w\" sizes=\"(max-width: 320px) 100vw, 320px\" \/><\/p>\n<h3>&nbsp; &nbsp; &nbsp; &nbsp; &nbsp; &nbsp; &nbsp; &nbsp; &nbsp; &nbsp; &nbsp; &nbsp; &nbsp; &nbsp; &nbsp; &nbsp; &nbsp; &nbsp; &nbsp; &nbsp; &nbsp; &nbsp; &nbsp; &nbsp; &nbsp; &nbsp;<\/h3>\n<p><img loading=\"lazy\" class=\"alignnone size-full wp-image-1743\" src=\"http:\/\/kapellenschule.de\/wp-content\/uploads\/2020\/11\/924F1AB6-1D0A-418A-ACA1-D181B8E6BD44-e1605260822377.jpeg\" alt=\"\" width=\"320\" height=\"240\" srcset=\"https:\/\/kapellenschule.de\/wp-content\/uploads\/2020\/11\/924F1AB6-1D0A-418A-ACA1-D181B8E6BD44-e1605260822377.jpeg 320w, https:\/\/kapellenschule.de\/wp-content\/uploads\/2020\/11\/924F1AB6-1D0A-418A-ACA1-D181B8E6BD44-e1605260822377-300x225.jpeg 300w\" sizes=\"(max-width: 320px) 100vw, 320px\" \/><img loading=\"lazy\" class=\"alignnone size-full wp-image-1744\" src=\"http:\/\/kapellenschule.de\/wp-content\/uploads\/2020\/11\/91E802FF-7F3F-4A8C-9D08-320BE0E15FD5-e1605260898743.jpeg\" alt=\"\" width=\"320\" height=\"240\" srcset=\"https:\/\/kapellenschule.de\/wp-content\/uploads\/2020\/11\/91E802FF-7F3F-4A8C-9D08-320BE0E15FD5-e1605260898743.jpeg 320w, https:\/\/kapellenschule.de\/wp-content\/uploads\/2020\/11\/91E802FF-7F3F-4A8C-9D08-320BE0E15FD5-e1605260898743-300x225.jpeg 300w\" sizes=\"(max-width: 320px) 100vw, 320px\" \/><\/p>\n<h3>&nbsp; &nbsp; &nbsp; &nbsp; &nbsp; &nbsp; &nbsp; &nbsp; &nbsp; &nbsp; &nbsp; &nbsp; &nbsp; &nbsp; &nbsp; &nbsp; &nbsp; &nbsp; &nbsp; &nbsp; &nbsp; &nbsp; &nbsp; &nbsp; &nbsp; &nbsp; &nbsp; &nbsp; &nbsp; &nbsp; &nbsp; &nbsp; &nbsp;&nbsp;<\/h3>\n<p>&nbsp;<\/p>\n<h4>&nbsp;<\/h4>\n<h4>&nbsp;<\/h4>\n<h4>&nbsp;<\/h4>\n","protected":false},"excerpt":{"rendered":"<p>&nbsp; Seit den Herbstferien 2019 haben wir Schulh\u00fchner in der Kapellenschule. Sie werden von unserem &#8222;H\u00fchnerdienst&#8220; betreut. Jede Klasse hat ein- oder mehrmals im Schuljahr H\u00fchnerdienst. In den Schulpausen werden die H\u00fchner gef\u00fcttert oder der Stall ausgemistet.&nbsp; Unsere Schulh\u00fchner: &nbsp;&nbsp;&nbsp;&nbsp;&nbsp;&nbsp;&nbsp;&nbsp;&nbsp;&nbsp;&nbsp;&nbsp;&nbsp;&nbsp;&nbsp;&nbsp;&nbsp;&nbsp;&nbsp;&nbsp;&nbsp;&nbsp;&nbsp;&nbsp;&nbsp;&nbsp;&nbsp;&nbsp;&nbsp; &nbsp; &nbsp; &nbsp; &nbsp; &nbsp;&nbsp; &nbsp; &nbsp; &nbsp; &nbsp; &nbsp; &nbsp; &nbsp; &nbsp; &nbsp; &nbsp; [&hellip;]<\/p>\n","protected":false},"author":1,"featured_media":722,"parent":0,"menu_order":0,"comment_status":"closed","ping_status":"closed","template":"template-fullwidth.php","meta":{"ngg_post_thumbnail":0},"_links":{"self":[{"href":"https:\/\/kapellenschule.de\/index.php?rest_route=\/wp\/v2\/pages\/674"}],"collection":[{"href":"https:\/\/kapellenschule.de\/index.php?rest_route=\/wp\/v2\/pages"}],"about":[{"href":"https:\/\/kapellenschule.de\/index.php?rest_route=\/wp\/v2\/types\/page"}],"author":[{"embeddable":true,"href":"https:\/\/kapellenschule.de\/index.php?rest_route=\/wp\/v2\/users\/1"}],"replies":[{"embeddable":true,"href":"https:\/\/kapellenschule.de\/index.php?rest_route=%2Fwp%2Fv2%2Fcomments&post=674"}],"version-history":[{"count":40,"href":"https:\/\/kapellenschule.de\/index.php?rest_route=\/wp\/v2\/pages\/674\/revisions"}],"predecessor-version":[{"id":3351,"href":"https:\/\/kapellenschule.de\/index.php?rest_route=\/wp\/v2\/pages\/674\/revisions\/3351"}],"wp:featuredmedia":[{"embeddable":true,"href":"https:\/\/kapellenschule.de\/index.php?rest_route=\/wp\/v2\/media\/722"}],"wp:attachment":[{"href":"https:\/\/kapellenschule.de\/index.php?rest_route=%2Fwp%2Fv2%2Fmedia&parent=674"}],"curies":[{"name":"wp","href":"https:\/\/api.w.org\/{rel}","templated":true}]}}